{"id":110,"date":"2021-03-29T11:43:52","date_gmt":"2021-03-29T09:43:52","guid":{"rendered":"http:\/\/r2ecapital.com\/?page_id=110"},"modified":"2021-03-29T12:14:29","modified_gmt":"2021-03-29T10:14:29","slug":"nos-services","status":"publish","type":"page","link":"https:\/\/r2ecapital.com\/index.php\/nos-services\/","title":{"rendered":"Nos Services"},"content":{"rendered":"\n<p>Notre \u00e9quipe vous accompagne en Am\u00e9rique du Nord, en Europe et\/ou en Asie lorsqu&rsquo;il s&rsquo;agit de :<\/p>\n\n\n\n<ul class=\"wp-block-list\"><li>comprendre les \u00e9cosyst\u00e8mes d&rsquo;investissement du 21\u00e8me si\u00e8cle,<\/li><li>structurer des v\u00e9hicules d&rsquo;investissement et\/ou de placement, <\/li><li>d\u00e9finir votre app\u00e9tit pour le risque,<\/li><li>g\u00e9rer et\/ou administrer ces m\u00eames v\u00e9hicules,<\/li><li>internationaliser vos activit\u00e9s,<\/li><li>acqu\u00e9rir\/vendre des actifs et plus particuli\u00e8rement des entreprises,<\/li><li>financer vos projets par effet de levier,<\/li><li>\u00e9tablir des relations avec des \u00e9tablissements bancaires,<\/li><li>et tous types de conseils pour les affaires se rapportant aux activit\u00e9s financi\u00e8res.<\/li><\/ul>\n","protected":false},"excerpt":{"rendered":"<p>Notre \u00e9quipe vous accompagne en Am\u00e9rique du Nord, en Europe et\/ou en Asie lorsqu&rsquo;il s&rsquo;agit de : comprendre les \u00e9cosyst\u00e8mes d&rsquo;investissement du 21\u00e8me si\u00e8cle, structurer des v\u00e9hicules d&rsquo;investissement et\/ou de placement, d\u00e9finir votre app\u00e9tit pour le risque, g\u00e9rer et\/ou administrer ces m\u00eames v\u00e9hicules, internationaliser vos activit\u00e9s, acqu\u00e9rir\/vendre des actifs et plus particuli\u00e8rement des entreprises, financer [&hellip;]<\/p>\n","protected":false},"author":1,"featured_media":118,"parent":0,"menu_order":0,"comment_status":"closed","ping_status":"closed","template":"fullwidth.php","meta":{"footnotes":""},"class_list":["post-110","page","type-page","status-publish","has-post-thumbnail","hentry"],"_links":{"self":[{"href":"https:\/\/r2ecapital.com\/index.php\/wp-json\/wp\/v2\/pages\/110","targetHints":{"allow":["GET"]}}],"collection":[{"href":"https:\/\/r2ecapital.com\/index.php\/wp-json\/wp\/v2\/pages"}],"about":[{"href":"https:\/\/r2ecapital.com\/index.php\/wp-json\/wp\/v2\/types\/page"}],"author":[{"embeddable":true,"href":"https:\/\/r2ecapital.com\/index.php\/wp-json\/wp\/v2\/users\/1"}],"replies":[{"embeddable":true,"href":"https:\/\/r2ecapital.com\/index.php\/wp-json\/wp\/v2\/comments?post=110"}],"version-history":[{"count":1,"href":"https:\/\/r2ecapital.com\/index.php\/wp-json\/wp\/v2\/pages\/110\/revisions"}],"predecessor-version":[{"id":111,"href":"https:\/\/r2ecapital.com\/index.php\/wp-json\/wp\/v2\/pages\/110\/revisions\/111"}],"wp:featuredmedia":[{"embeddable":true,"href":"https:\/\/r2ecapital.com\/index.php\/wp-json\/wp\/v2\/media\/118"}],"wp:attachment":[{"href":"https:\/\/r2ecapital.com\/index.php\/wp-json\/wp\/v2\/media?parent=110"}],"curies":[{"name":"wp","href":"https:\/\/api.w.org\/{rel}","templated":true}]}}