{"id":18,"date":"2021-03-26T10:52:58","date_gmt":"2021-03-26T09:52:58","guid":{"rendered":"http:\/\/r2ecapital.com\/?page_id=18"},"modified":"2021-03-29T11:59:35","modified_gmt":"2021-03-29T09:59:35","slug":"a-propos-de","status":"publish","type":"page","link":"https:\/\/r2ecapital.com\/index.php\/a-propos-de\/","title":{"rendered":"A Propos"},"content":{"rendered":"\n<p>Notre \u00e9quipe comporte une dizaine de professionnels confirm\u00e9s des activit\u00e9s de services financiers qui ont tous exerc\u00e9 des d\u00e9l\u00e9gations dans des conseils d&rsquo;administration ou des comit\u00e9s ex\u00e9cutifs d&rsquo;\u00e9tablissements financiers multinationaux  globaux.<\/p>\n\n\n\n<p>Nous sommes pr\u00e9sents \u00e0 vos c\u00f4t\u00e9s en Am\u00e9rique du Nord, en Europe ainsi qu&rsquo;en Asie.<\/p>\n\n\n\n<p>Nous sommes heureux de vous conseiller et de vous accompagner lorsqu&rsquo;il s&rsquo;agit de structurer des v\u00e9hicules d&rsquo;investissement et\/ou de placement, g\u00e9rer et administrer ces m\u00eames v\u00e9hicules, internationaliser des activit\u00e9s, acqu\u00e9rir\/vendre des actifs et\/ou plus pr\u00e9cis\u00e9ment des entreprises, financer des projets par effet de levier.<\/p>\n\n\n\n<p>La soci\u00e9t\u00e9 R2E Capital est pr\u00e9sid\u00e9e par Monsieur Lotfi OTMANI.<\/p>\n","protected":false},"excerpt":{"rendered":"<p>Notre \u00e9quipe comporte une dizaine de professionnels confirm\u00e9s des activit\u00e9s de services financiers qui ont tous exerc\u00e9 des d\u00e9l\u00e9gations dans des conseils d&rsquo;administration ou des comit\u00e9s ex\u00e9cutifs d&rsquo;\u00e9tablissements financiers multinationaux globaux. Nous sommes pr\u00e9sents \u00e0 vos c\u00f4t\u00e9s en Am\u00e9rique du Nord, en Europe ainsi qu&rsquo;en Asie. Nous sommes heureux de vous conseiller et de vous [&hellip;]<\/p>\n","protected":false},"author":1,"featured_media":109,"parent":0,"menu_order":0,"comment_status":"closed","ping_status":"closed","template":"fullwidth.php","meta":{"footnotes":""},"class_list":["post-18","page","type-page","status-publish","has-post-thumbnail","hentry"],"_links":{"self":[{"href":"https:\/\/r2ecapital.com\/index.php\/wp-json\/wp\/v2\/pages\/18","targetHints":{"allow":["GET"]}}],"collection":[{"href":"https:\/\/r2ecapital.com\/index.php\/wp-json\/wp\/v2\/pages"}],"about":[{"href":"https:\/\/r2ecapital.com\/index.php\/wp-json\/wp\/v2\/types\/page"}],"author":[{"embeddable":true,"href":"https:\/\/r2ecapital.com\/index.php\/wp-json\/wp\/v2\/users\/1"}],"replies":[{"embeddable":true,"href":"https:\/\/r2ecapital.com\/index.php\/wp-json\/wp\/v2\/comments?post=18"}],"version-history":[{"count":5,"href":"https:\/\/r2ecapital.com\/index.php\/wp-json\/wp\/v2\/pages\/18\/revisions"}],"predecessor-version":[{"id":117,"href":"https:\/\/r2ecapital.com\/index.php\/wp-json\/wp\/v2\/pages\/18\/revisions\/117"}],"wp:featuredmedia":[{"embeddable":true,"href":"https:\/\/r2ecapital.com\/index.php\/wp-json\/wp\/v2\/media\/109"}],"wp:attachment":[{"href":"https:\/\/r2ecapital.com\/index.php\/wp-json\/wp\/v2\/media?parent=18"}],"curies":[{"name":"wp","href":"https:\/\/api.w.org\/{rel}","templated":true}]}}